{"id":174,"date":"2020-02-26T11:48:48","date_gmt":"2020-02-26T11:48:48","guid":{"rendered":"https:\/\/demosites.io\/lawyers-gb\/?page_id=174"},"modified":"2025-06-26T15:51:34","modified_gmt":"2025-06-26T08:51:34","slug":"a02e5-contact-us","status":"publish","type":"page","link":"https:\/\/luathoangtin.vn\/?page_id=174","title":{"rendered":"Li\u00ean h\u1ec7 v\u1edbi ch\u00fang t\u00f4i"},"content":{"rendered":"\n<div id=\"wp-block-themeisle-blocks-advanced-columns-fd115547\" class=\"wp-block-themeisle-blocks-advanced-columns alignfull has-1-columns has-desktop-equal-layout has-tablet-equal-layout has-mobile-equal-layout has-vertical-unset\"><div class=\"wp-block-themeisle-blocks-advanced-columns-overlay\"><\/div><div class=\"innerblocks-wrap\">\n<div id=\"wp-block-themeisle-blocks-advanced-column-de2aa3a2\" class=\"wp-block-themeisle-blocks-advanced-column has-dark-bg\">\n<p id=\"wp-block-themeisle-blocks-advanced-heading-fb9ebb12\" class=\"wp-block-themeisle-blocks-advanced-heading wp-block-themeisle-blocks-advanced-heading-fb9ebb12\">LI\u00caN H\u1ec6<\/p>\n\n\n\n<h1 class=\"wp-block-heading has-text-align-center has-nv-text-dark-bg-color has-text-color\">Li\u00ean h\u1ec7 v\u1edbi ch\u00fang t\u00f4i<\/h1>\n<\/div>\n<\/div><\/div>\n\n\n\n<div id=\"wp-block-themeisle-blocks-advanced-columns-7c7a89c9\" class=\"wp-block-themeisle-blocks-advanced-columns alignfull has-2-columns has-desktop-equal-layout has-tablet-equal-layout has-mobile-collapsedRows-layout has-vertical-center\"><div class=\"wp-block-themeisle-blocks-advanced-columns-overlay\"><\/div><div class=\"innerblocks-wrap\">\n<div id=\"wp-block-themeisle-blocks-advanced-column-6b5d17f2\" class=\"wp-block-themeisle-blocks-advanced-column\">\n<figure class=\"wp-block-image size-full\"><img loading=\"lazy\" decoding=\"async\" width=\"500\" height=\"500\" src=\"https:\/\/luathoangtin.vn\/wp-content\/uploads\/2025\/06\/IMG_20250626_154737-1.jpg\" alt=\"\" class=\"wp-image-274\" srcset=\"https:\/\/luathoangtin.vn\/wp-content\/uploads\/2025\/06\/IMG_20250626_154737-1.jpg 500w, https:\/\/luathoangtin.vn\/wp-content\/uploads\/2025\/06\/IMG_20250626_154737-1-300x300.jpg 300w, https:\/\/luathoangtin.vn\/wp-content\/uploads\/2025\/06\/IMG_20250626_154737-1-150x150.jpg 150w\" sizes=\"auto, (max-width: 500px) 100vw, 500px\" \/><\/figure>\n<\/div>\n\n\n\n<div id=\"wp-block-themeisle-blocks-advanced-column-be5e45fb\" class=\"wp-block-themeisle-blocks-advanced-column\">\n<h2 class=\"wp-block-heading\">Li\u00ean h\u1ec7 v\u1edbi ch\u00fang t\u00f4i<\/h2>\n\n\n\n<hr class=\"wp-block-separator has-text-color has-css-opacity has-background is-style-wide\" style=\"background-color:#e8e8e8;color:#e8e8e8\"\/>\n\n\n\n<p>H\u00e3y li\u00ean h\u1ec7 v\u1edbi ch\u00fang t\u00f4i ngay h\u00f4m nay v\u00e0 ch\u00fang ta h\u00e3y c\u00f9ng nhau gi\u1ea3i quy\u1ebft c\u00e1c v\u1ea5n \u0111\u1ec1 ph\u00e1p l\u00fd c\u1ee7a b\u1ea1n m\u1ed9t c\u00e1ch hi\u1ec7u qu\u1ea3.<\/p>\n\n\n\n<h5 class=\"wp-block-heading\">Hot line: 0353.397.979 <\/h5>\n\n\n\n<p><strong>\u0110\u1ecba ch\u1ec9: T\u1ea7ng 14, T\u00f2a nh\u00e0 Vi\u1ec7t \u00c1, s\u1ed1 9 ph\u1ed1 Duy T\u00e2n, ph\u01b0\u1eddng D\u1ecbch V\u1ecdng H\u1eadu, qu\u1eadn C\u1ea7u Gi\u1ea5y, H\u00e0 N\u1ed9i.<\/strong><\/p>\n<\/div>\n<\/div><\/div>\n\n\n\n<div id=\"wp-block-themeisle-blocks-advanced-columns-2672f4b5\" class=\"wp-block-themeisle-blocks-advanced-columns alignfull has-2-columns has-desktop-equal-layout has-tablet-equal-layout has-mobile-collapsedRows-layout has-vertical-unset has-dark-bg\"><div class=\"wp-block-themeisle-blocks-advanced-columns-overlay\"><\/div><div class=\"innerblocks-wrap\">\n<div id=\"wp-block-themeisle-blocks-advanced-column-05e52c3e\" class=\"wp-block-themeisle-blocks-advanced-column\">\n<h2 class=\"wp-block-heading has-nv-text-dark-bg-color has-text-color\">G\u1eedi tin nh\u1eafn tr\u1ef1c ti\u1ebfp b\u1eb1ng bi\u1ec3u m\u1eabu<\/h2>\n\n\n\n<p class=\"has-nv-text-dark-bg-color has-text-color\">Cho d\u00f9 b\u1ea1n c\u00f3 th\u1eafc m\u1eafc, c\u1ea7n t\u01b0 v\u1ea5n ph\u00e1p l\u00fd hay mu\u1ed1n l\u00ean l\u1ecbch tham v\u1ea5n, nh\u00f3m c\u1ee7a ch\u00fang t\u00f4i lu\u00f4n s\u1eb5n s\u00e0ng h\u1ed7 tr\u1ee3 b\u1ea1n. H\u00e3y li\u00ean h\u1ec7 v\u1edbi ch\u00fang t\u00f4i ngay h\u00f4m nay v\u00e0 c\u00f9ng nhau gi\u1ea3i quy\u1ebft c\u00e1c v\u1ea5n \u0111\u1ec1 ph\u00e1p l\u00fd c\u1ee7a b\u1ea1n m\u1ed9t c\u00e1ch hi\u1ec7u qu\u1ea3.<\/p>\n\n\n\n<div id=\"wp-block-themeisle-blocks-button-group-7f392e90\" class=\"wp-block-themeisle-blocks-button-group wp-block-buttons\">\n<div id=\"wp-block-themeisle-blocks-button-d628acb6\" class=\"wp-block-themeisle-blocks-button wp-block-button\"><a href=\"\" target=\"_self\" rel=\"noopener noreferrer\" class=\"wp-block-button__link\"><i class=\"fas fa-fw fa-map-marker-alt margin-right\"><\/i><span> T\u1ea7ng 14, t\u00f2a nh\u00e0 Vi\u1ec7t \u00c1, s\u1ed1 9 ph\u1ed1 Duy T\u00e2n, ph\u01b0\u1eddng D\u1ecbch V\u1ecdng H\u1eadu, qu\u1eadn C\u1ea7u gi\u1ea5y, H\u00e0 N\u1ed9i.<\/span><\/a><\/div>\n<\/div>\n\n\n\n<div id=\"wp-block-themeisle-blocks-button-group-89e6367b\" class=\"wp-block-themeisle-blocks-button-group wp-block-buttons\">\n<div id=\"wp-block-themeisle-blocks-button-f6ab3bb5\" class=\"wp-block-themeisle-blocks-button wp-block-button\"><a href=\"\" target=\"_blank\" rel=\"noopener noreferrer\" class=\"wp-block-button__link\"><i class=\"fab fa-fw fa-facebook-f\"><\/i><\/a><\/div>\n\n\n\n<div id=\"wp-block-themeisle-blocks-button-ddd4d356\" class=\"wp-block-themeisle-blocks-button wp-block-button\"><a href=\"\" target=\"_blank\" rel=\"noopener noreferrer\" class=\"wp-block-button__link\"><i class=\"fab fa-fw fa-twitter\"><\/i><\/a><\/div>\n\n\n\n<div id=\"wp-block-themeisle-blocks-button-36612cba\" class=\"wp-block-themeisle-blocks-button wp-block-button\"><a href=\"\" target=\"_blank\" rel=\"noopener noreferrer\" class=\"wp-block-button__link\"><i class=\"fab fa-fw fa-google-plus\"><\/i><\/a><\/div>\n\n\n\n<div id=\"wp-block-themeisle-blocks-button-45cdcaa1\" class=\"wp-block-themeisle-blocks-button wp-block-button\"><a href=\"\" target=\"_blank\" rel=\"noopener noreferrer\" class=\"wp-block-button__link\"><i class=\"fab fa-fw fa-pinterest\"><\/i><\/a><\/div>\n\n\n\n<div id=\"wp-block-themeisle-blocks-button-faf5e2e7\" class=\"wp-block-themeisle-blocks-button wp-block-button\"><a href=\"\" target=\"_blank\" rel=\"noopener noreferrer\" class=\"wp-block-button__link\"><i class=\"fab fa-fw fa-instagram\"><\/i><\/a><\/div>\n<\/div>\n<\/div>\n\n\n\n<div id=\"wp-block-themeisle-blocks-advanced-column-0788243d\" class=\"wp-block-themeisle-blocks-advanced-column has-light-bg\">\n<div id=\"wp-block-themeisle-blocks-form-fb39f207\" class=\"wp-block-themeisle-blocks-form\" data-option-name=\"bf9b28ff82ce323187abc5d0feb0d8f07ecd8436_fb39f207\"><form class=\"otter-form__container\">\n<div id=\"wp-block-themeisle-blocks-form-input-cb680aa4\" class=\"wp-block-themeisle-blocks-form-input\"><label for=\"wp-block-themeisle-blocks-form-input-cb680aa4-input\" class=\"otter-form-input-label\"><span class=\"otter-form-input-label__label\">T\u00ean<\/span><span class=\"required\">*<\/span><\/label><input type=\"text\" id=\"wp-block-themeisle-blocks-form-input-cb680aa4-input\" required placeholder=\"Your name\" class=\"otter-form-input\"\/><\/div>\n\n\n\n<div id=\"wp-block-themeisle-blocks-form-input-53facba3\" class=\"wp-block-themeisle-blocks-form-input\"><label for=\"wp-block-themeisle-blocks-form-input-53facba3-input\" class=\"otter-form-input-label\"><span class=\"otter-form-input-label__label\">Email<\/span><span class=\"required\">*<\/span><\/label><input type=\"email\" id=\"wp-block-themeisle-blocks-form-input-53facba3-input\" required placeholder=\"Your email\" class=\"otter-form-input\"\/><\/div>\n\n\n\n<div id=\"wp-block-themeisle-blocks-form-textarea-5eebb0de\" class=\"wp-block-themeisle-blocks-form-textarea\"><label for=\"wp-block-themeisle-blocks-form-textarea-5eebb0de-input\" class=\"otter-form-textarea-label\"><span class=\"otter-form-textarea-label__label\">N\u1ed9i dung<\/span><\/label><textarea id=\"wp-block-themeisle-blocks-form-textarea-5eebb0de-input\" placeholder=\"Your Message\" rows=\"10\" class=\"otter-form-textarea-input\"><\/textarea><\/div>\n\n\n<div class=\"protection\" aria-hidden=\"true\"><input type=\"hidden\" id=\"wp-block-themeisle-blocks-form-fb39f207_nonce_field\" name=\"wp-block-themeisle-blocks-form-fb39f207_nonce_field\" value=\"a47eccfe13\" \/><input type=\"hidden\" name=\"_wp_http_referer\" value=\"\/index.php?rest_route=%2Fwp%2Fv2%2Fpages%2F174\" \/><input class=\"o-anti-bot\" type=\"checkbox\"><\/div><div class=\"wp-block-button\"><button class=\"wp-block-button__link\" type=\"submit\">Submit<\/button><\/div><\/form><\/div>\n<\/div>\n<\/div><\/div>\n\n\n\n<div id=\"wp-block-themeisle-blocks-advanced-columns-1dda74ca\" class=\"wp-block-themeisle-blocks-advanced-columns alignfull has-1-columns has-desktop-equal-layout has-tablet-equal-layout has-mobile-equal-layout has-vertical-unset\"><div class=\"wp-block-themeisle-blocks-advanced-columns-overlay\"><\/div><div class=\"innerblocks-wrap\">\n<div id=\"wp-block-themeisle-blocks-advanced-column-a0d00642\" class=\"wp-block-themeisle-blocks-advanced-column\"><\/div>\n<\/div><\/div>\n\n\n\n<p><\/p>\n","protected":false},"excerpt":{"rendered":"","protected":false},"author":1,"featured_media":0,"parent":0,"menu_order":0,"comment_status":"closed","ping_status":"closed","template":"page-templates\/template-pagebuilder-full-width.php","meta":{"neve_meta_sidebar":"full-width","neve_meta_container":"contained","neve_meta_enable_content_width":"on","neve_meta_content_width":100,"neve_meta_title_alignment":"","neve_meta_author_avatar":"","neve_post_elements_order":"","neve_meta_disable_header":"","neve_meta_disable_footer":"","neve_meta_disable_title":"","_themeisle_gutenberg_block_has_review":false,"footnotes":""},"class_list":["post-174","page","type-page","status-publish","hentry"],"_links":{"self":[{"href":"https:\/\/luathoangtin.vn\/index.php?rest_route=\/wp\/v2\/pages\/174","targetHints":{"allow":["GET"]}}],"collection":[{"href":"https:\/\/luathoangtin.vn\/index.php?rest_route=\/wp\/v2\/pages"}],"about":[{"href":"https:\/\/luathoangtin.vn\/index.php?rest_route=\/wp\/v2\/types\/page"}],"author":[{"embeddable":true,"href":"https:\/\/luathoangtin.vn\/index.php?rest_route=\/wp\/v2\/users\/1"}],"replies":[{"embeddable":true,"href":"https:\/\/luathoangtin.vn\/index.php?rest_route=%2Fwp%2Fv2%2Fcomments&post=174"}],"version-history":[{"count":5,"href":"https:\/\/luathoangtin.vn\/index.php?rest_route=\/wp\/v2\/pages\/174\/revisions"}],"predecessor-version":[{"id":276,"href":"https:\/\/luathoangtin.vn\/index.php?rest_route=\/wp\/v2\/pages\/174\/revisions\/276"}],"wp:attachment":[{"href":"https:\/\/luathoangtin.vn\/index.php?rest_route=%2Fwp%2Fv2%2Fmedia&parent=174"}],"curies":[{"name":"wp","href":"https:\/\/api.w.org\/{rel}","templated":true}]}}